{"id":96,"date":"2018-10-29T08:45:34","date_gmt":"2018-10-29T08:45:34","guid":{"rendered":"http:\/\/www.fondationhopitaltracadie.ca\/la-fondation\/le-mot-du-president\/"},"modified":"2018-10-29T08:45:34","modified_gmt":"2018-10-29T08:45:34","slug":"le-mot-du-president","status":"publish","type":"page","link":"https:\/\/fondationhopitaltracadie.ca\/en\/la-fondation\/le-mot-du-president\/","title":{"rendered":"LE MOT DU PR\u00c9SIDENT"},"content":{"rendered":"<div id=\"page-content-wrapper\" class=\"clearfix yui3-u-1\">\n<div id=\"page-content-inner\" class=\"yui3-g\">\n<div id=\"main-wrapper\" class=\"yui3-u-3-4\">\n<div id=\"main-wrapper-inner\" class=\"region clearfix yui3-i\">\n<div class=\"padder\">\n<section id=\"main\">\n<div class=\"region region-content\">\n<section id=\"block-system-main\" class=\"block block-system\">\n<div class=\"content\">\n<article id=\"node-46\" class=\"node node-page clearfix\">\n<div class=\"content clearfix\">\n<div class=\"field field-name-body field-type-text-with-summary field-label-hidden\">\n<div class=\"field-items\">\n<div class=\"field-item even\">\n<p>Bonjour,<\/p>\n<p>Au nom de la Fondation Les Amis de l\u2019H\u00f4pital de Tracadie Inc., j\u2019ai le plaisir de vous accueillir sur notre site.<\/p>\n<p>Nous sommes fiers des projets r\u00e9alis\u00e9s au fil des ans, dont l\u2019obtention d\u2019un service de dialyse dans la p\u00e9ninsule, l\u2019acquisition d\u2019\u00e9quipement d\u2019imagerie m\u00e9dicale, la mise sur pied de la clinique d\u2019ophtalmologie et l\u2019agrandissement du service d\u2019urgence pour n\u2019en nommer que quelques-uns. C\u2019est gr\u00e2ce au travail de nos b\u00e9n\u00e9voles et \u00e0 l\u2019appui de nos donateurs que nous sommes en mesure d\u2019\u00e9pauler l\u2019H\u00f4pital de Tracadie-Sheila de fa\u00e7on viable et continue.<\/p>\n<p>La Fondation reconna\u00eet aussi l\u2019importance de resserrer les liens avec les entrepreneurs de la r\u00e9gion en \u00e9tablissant des partenariats avec eux. \u00c0 titre d\u2019exemple, la Loto Coop Sant\u00e9 a permis \u00e0 l\u2019H\u00f4pital de Tracadie-Sheila et aux membres de la Coop\u00e9rative R\u00e9gionale de la Baie Lt\u00e9e de partager plus de deux millions et demi de dollars au cours des derni\u00e8res ann\u00e9es.<\/p>\n<p>Je vous invite donc \u00e0 parcourir toutes les rubriques de notre site dans afin de d\u00e9couvrir l\u2019importance de contribuer \u00e0 votre sant\u00e9!<\/p>\n<p>Bienvenue et bonne visite.<\/p>\n<p>&nbsp;<\/p>\n<p>Le pr\u00e9sident du Conseil d\u2019administration,<\/p>\n<p>Philippe Ferguson<\/p>\n<\/div>\n<\/div>\n<\/div>\n<\/div>\n<footer><\/footer>\n<\/article>\n<\/div>\n<\/section>\n<\/div>\n<\/section>\n<\/div>\n<\/div>\n<\/div>\n<\/div>\n<\/div>\n<footer id=\"page-footer\" class=\"yui3-u-1\">\n<div id=\"page-footer-inner\" class=\"clearfix yui3-i\">\n<section id=\"closure-wrapper\" class=\"yui3-g\">\n<div id=\"closure\" class=\"yui3-u-1\">\n<div id=\"closure-inner\" class=\"region clearfix yui3-i\">\n<div class=\"region region-closure\">\n<section id=\"block-nblock-nblock-1\" class=\"block block-nblock\">\n<div class=\"content\">\n<article id=\"node-5\" class=\"node node-block-content clearfix\">\n<div class=\"content clearfix\">\n<div class=\"field field-name-body field-type-text-with-summary field-label-hidden\">\n<div class=\"field-items\">\n<div class=\"field-item even\"><\/div>\n<\/div>\n<\/div>\n<\/div>\n<\/article>\n<\/div>\n<\/section>\n<\/div>\n<\/div>\n<\/div>\n<\/section>\n<\/div>\n<\/footer>\n","protected":false},"excerpt":{"rendered":"<p>Bonjour, Au nom de la Fondation Les Amis de l\u2019H\u00f4pital de Tracadie Inc., j\u2019ai le plaisir de vous accueillir sur&#8230;.<\/p>\n","protected":false},"author":1,"featured_media":0,"parent":91,"menu_order":0,"comment_status":"closed","ping_status":"closed","template":"page-templates\/page-left-sidebar.php","meta":[],"acf":[],"_links":{"self":[{"href":"https:\/\/fondationhopitaltracadie.ca\/en\/wp-json\/wp\/v2\/pages\/96"}],"collection":[{"href":"https:\/\/fondationhopitaltracadie.ca\/en\/wp-json\/wp\/v2\/pages"}],"about":[{"href":"https:\/\/fondationhopitaltracadie.ca\/en\/wp-json\/wp\/v2\/types\/page"}],"author":[{"embeddable":true,"href":"https:\/\/fondationhopitaltracadie.ca\/en\/wp-json\/wp\/v2\/users\/1"}],"replies":[{"embeddable":true,"href":"https:\/\/fondationhopitaltracadie.ca\/en\/wp-json\/wp\/v2\/comments?post=96"}],"version-history":[{"count":0,"href":"https:\/\/fondationhopitaltracadie.ca\/en\/wp-json\/wp\/v2\/pages\/96\/revisions"}],"up":[{"embeddable":true,"href":"https:\/\/fondationhopitaltracadie.ca\/en\/wp-json\/wp\/v2\/pages\/91"}],"wp:attachment":[{"href":"https:\/\/fondationhopitaltracadie.ca\/en\/wp-json\/wp\/v2\/media?parent=96"}],"curies":[{"name":"wp","href":"https:\/\/api.w.org\/{rel}","templated":true}]}}