{"id":97,"date":"2018-10-29T09:35:23","date_gmt":"2018-10-29T09:35:23","guid":{"rendered":"http:\/\/www.fondationhopitaltracadie.ca\/?page_id=97"},"modified":"2018-10-29T09:35:23","modified_gmt":"2018-10-29T09:35:23","slug":"conseil-dadministration-2017-2018","status":"publish","type":"page","link":"https:\/\/fondationhopitaltracadie.ca\/en\/la-fondation\/conseil-dadministration-2017-2018\/","title":{"rendered":"CONSEIL D&#8217;ADMINISTRATION 2017-2018"},"content":{"rendered":"<p>Philippe Ferguson, pr\u00e9sident, Elsie Godin, Vivianne Thomas, repr\u00e9sentante de l&#8217;H\u00f4pital de Tracadie-Sheila, Monique Savoie, Vice-pr\u00e9sidente, Lawson Lebouthillier, Isabelle Paulin, secr\u00e9taire et Jacques Robichaud, Tr\u00e9sorier.<\/p>\n<p>Absents : Diane Carey et Norbert Rousselle.<\/p>\n","protected":false},"excerpt":{"rendered":"<p>Philippe Ferguson, pr\u00e9sident, Elsie Godin, Vivianne Thomas, repr\u00e9sentante de l&#8217;H\u00f4pital de Tracadie-Sheila, Monique Savoie, Vice-pr\u00e9sidente, Lawson Lebouthillier, Isabelle Paulin, secr\u00e9taire&#8230;.<\/p>\n","protected":false},"author":1,"featured_media":0,"parent":91,"menu_order":0,"comment_status":"closed","ping_status":"closed","template":"page-templates\/page-left-sidebar.php","meta":[],"acf":[],"_links":{"self":[{"href":"https:\/\/fondationhopitaltracadie.ca\/en\/wp-json\/wp\/v2\/pages\/97"}],"collection":[{"href":"https:\/\/fondationhopitaltracadie.ca\/en\/wp-json\/wp\/v2\/pages"}],"about":[{"href":"https:\/\/fondationhopitaltracadie.ca\/en\/wp-json\/wp\/v2\/types\/page"}],"author":[{"embeddable":true,"href":"https:\/\/fondationhopitaltracadie.ca\/en\/wp-json\/wp\/v2\/users\/1"}],"replies":[{"embeddable":true,"href":"https:\/\/fondationhopitaltracadie.ca\/en\/wp-json\/wp\/v2\/comments?post=97"}],"version-history":[{"count":0,"href":"https:\/\/fondationhopitaltracadie.ca\/en\/wp-json\/wp\/v2\/pages\/97\/revisions"}],"up":[{"embeddable":true,"href":"https:\/\/fondationhopitaltracadie.ca\/en\/wp-json\/wp\/v2\/pages\/91"}],"wp:attachment":[{"href":"https:\/\/fondationhopitaltracadie.ca\/en\/wp-json\/wp\/v2\/media?parent=97"}],"curies":[{"name":"wp","href":"https:\/\/api.w.org\/{rel}","templated":true}]}}